{"id":4264,"date":"2026-02-09T12:14:24","date_gmt":"2026-02-09T11:14:24","guid":{"rendered":"https:\/\/restaurantegulliver.es\/?post_type=product&#038;p=4264"},"modified":"2026-03-02T15:33:24","modified_gmt":"2026-03-02T14:33:24","slug":"experiencia-gulliver-100","status":"publish","type":"product","link":"https:\/\/restaurantegulliver.es\/en\/producto\/experiencia-gulliver-100\/","title":{"rendered":"Experiencia Gulliver 100"},"content":{"rendered":"","protected":false},"excerpt":{"rendered":"<p>Una experiencia Gulliver es una forma directa de regalar (o regalarte) Gulliver: eliges el importe, compras online y recibes (t\u00fa o la persona a la que regalas) por email un c\u00f3digo \u00fanico para usar en el restaurante como pago parcial o total de tu cuenta.<\/p>\n<p>\u2728 C\u00f3mo funciona<\/p>\n<p>Compra en la web y recibe el c\u00f3digo.<\/p>\n<p>Reserva previa obligatoria.<\/p>\n<p>Pres\u00e9ntalo al pedir la cuenta y lo aplicamos en el pago.<\/p>\n<p>Si tu consumo supera el importe del c\u00f3digo, abonas la diferencia.<\/p>\n<p>Si tu consumo es inferior, el importe no se guarda ni se reembolsa.<\/p>\n<p>\ud83d\udccc Condiciones<br \/>\nC\u00f3digo de un solo uso \u00b7 No reembolsable ni canjeable por dinero \u00b7 V\u00e1lido cualquier d\u00eda y hora de apertura \u00b7 No hace falta avisar al reservar: basta con presentarlo al pagar. Necesario reservar.<\/p>\n<p>Experiencia Gulliver \u2014 100 \u20ac<\/p>\n<p>Tu Experiencia Gulliver de 100 \u20ac. Compra online y recibe por email un c\u00f3digo \u00fanico para disfrutar en el restaurante y aplicarlo al pago de tu cuenta.<\/p>\n","protected":false},"featured_media":4054,"template":"","meta":{"om_disable_all_campaigns":false,"_monsterinsights_skip_tracking":false,"_monsterinsights_sitenote_active":false,"_monsterinsights_sitenote_note":"","_monsterinsights_sitenote_category":0,"_uf_show_specific_survey":0,"_uf_disable_surveys":false,"site-sidebar-layout":"default","site-content-layout":"","ast-site-content-layout":"default","site-content-style":"default","site-sidebar-style":"default","ast-global-header-display":"","ast-banner-title-visibility":"","ast-main-header-display":"","ast-hfb-above-header-display":"","ast-hfb-below-header-display":"","ast-hfb-mobile-header-display":"","site-post-title":"","ast-breadcrumbs-content":"","ast-featured-img":"","footer-sml-layout":"","ast-disable-related-posts":"","theme-transparent-header-meta":"default","adv-header-id-meta":"","stick-header-meta":"","header-above-stick-meta":"","header-main-stick-meta":"","header-below-stick-meta":"","astra-migrate-meta-layouts":"set","ast-page-background-enabled":"default","ast-page-background-meta":{"desktop":{"background-color":"","background-image":"","background-repeat":"repeat","background-position":"center center","background-size":"auto","background-attachment":"scroll","background-type":"","background-media":"","overlay-type":"","overlay-color":"","overlay-opacity":"","overlay-gradient":""},"tablet":{"background-color":"","background-image":"","background-repeat":"repeat","background-position":"center center","background-size":"auto","background-attachment":"scroll","background-type":"","background-media":"","overlay-type":"","overlay-color":"","overlay-opacity":"","overlay-gradient":""},"mobile":{"background-color":"","background-image":"","background-repeat":"repeat","background-position":"center center","background-size":"auto","background-attachment":"scroll","background-type":"","background-media":"","overlay-type":"","overlay-color":"","overlay-opacity":"","overlay-gradient":""}},"ast-content-background-meta":{"desktop":{"background-color":"var(--ast-global-color-5)","background-image":"","background-repeat":"repeat","background-position":"center center","background-size":"auto","background-attachment":"scroll","background-type":"","background-media":"","overlay-type":"","overlay-color":"","overlay-opacity":"","overlay-gradient":""},"tablet":{"background-color":"var(--ast-global-color-5)","background-image":"","background-repeat":"repeat","background-position":"center center","background-size":"auto","background-attachment":"scroll","background-type":"","background-media":"","overlay-type":"","overlay-color":"","overlay-opacity":"","overlay-gradient":""},"mobile":{"background-color":"var(--ast-global-color-5)","background-image":"","background-repeat":"repeat","background-position":"center center","background-size":"auto","background-attachment":"scroll","background-type":"","background-media":"","overlay-type":"","overlay-color":"","overlay-opacity":"","overlay-gradient":""}}},"product_brand":[],"product_cat":[50],"product_tag":[],"class_list":{"0":"post-4264","1":"product","2":"type-product","3":"status-publish","4":"has-post-thumbnail","6":"product_cat-sin-categorizar","7":"desktop-align-left","8":"tablet-align-left","9":"mobile-align-left","11":"first","12":"instock","13":"downloadable","14":"virtual","15":"purchasable","16":"product-type-simple"},"yoast_head":"<!-- This site is optimized with the Yoast SEO plugin v27.3 - https:\/\/yoast.com\/product\/yoast-seo-wordpress\/ -->\n<title>Experiencia Gulliver 100 - Restaurante Gulliver<\/title>\n<meta name=\"robots\" content=\"index, follow, max-snippet:-1, max-image-preview:large, max-video-preview:-1\" \/>\n<link rel=\"canonical\" href=\"https:\/\/restaurantegulliver.es\/en\/producto\/experiencia-gulliver-100\/\" \/>\n<meta property=\"og:locale\" content=\"en_US\" \/>\n<meta property=\"og:type\" content=\"article\" \/>\n<meta property=\"og:title\" content=\"Experiencia Gulliver 100 - Restaurante Gulliver\" \/>\n<meta property=\"og:description\" content=\"Una experiencia Gulliver es una forma directa de regalar (o regalarte) Gulliver: eliges el importe, compras online y recibes (t\u00fa o la persona a la que regalas) por email un c\u00f3digo \u00fanico para usar en el restaurante como pago parcial o total de tu cuenta.  \u2728 C\u00f3mo funciona  Compra en la web y recibe el c\u00f3digo.  Reserva previa obligatoria.  Pres\u00e9ntalo al pedir la cuenta y lo aplicamos en el pago.  Si tu consumo supera el importe del c\u00f3digo, abonas la diferencia.  Si tu consumo es inferior, el importe no se guarda ni se reembolsa.  \ud83d\udccc Condiciones C\u00f3digo de un solo uso \u00b7 No reembolsable ni canjeable por dinero \u00b7 V\u00e1lido cualquier d\u00eda y hora de apertura \u00b7 No hace falta avisar al reservar: basta con presentarlo al pagar. Necesario reservar.  Experiencia Gulliver \u2014 100 \u20ac  Tu Experiencia Gulliver de 100 \u20ac. Compra online y recibe por email un c\u00f3digo \u00fanico para disfrutar en el restaurante y aplicarlo al pago de tu cuenta.\" \/>\n<meta property=\"og:url\" content=\"https:\/\/restaurantegulliver.es\/en\/producto\/experiencia-gulliver-100\/\" \/>\n<meta property=\"og:site_name\" content=\"Restaurante Gulliver\" \/>\n<meta property=\"article:publisher\" content=\"https:\/\/www.facebook.com\/profile.php?id=61555328348911\" \/>\n<meta property=\"article:modified_time\" content=\"2026-03-02T14:33:24+00:00\" \/>\n<meta property=\"og:image\" content=\"https:\/\/restaurantegulliver.es\/wp-content\/uploads\/2025\/11\/voucher-gulliver-01.webp\" \/>\n\t<meta property=\"og:image:width\" content=\"800\" \/>\n\t<meta property=\"og:image:height\" content=\"411\" \/>\n\t<meta property=\"og:image:type\" content=\"image\/webp\" \/>\n<meta name=\"twitter:card\" content=\"summary_large_image\" \/>\n<meta name=\"twitter:label1\" content=\"Est. reading time\" \/>\n\t<meta name=\"twitter:data1\" content=\"1 minute\" \/>\n<script type=\"application\/ld+json\" class=\"yoast-schema-graph\">{\"@context\":\"https:\\\/\\\/schema.org\",\"@graph\":[{\"@type\":\"WebPage\",\"@id\":\"https:\\\/\\\/restaurantegulliver.es\\\/en\\\/producto\\\/experiencia-gulliver-100\\\/\",\"url\":\"https:\\\/\\\/restaurantegulliver.es\\\/en\\\/producto\\\/experiencia-gulliver-100\\\/\",\"name\":\"Experiencia Gulliver 100 - Restaurante Gulliver\",\"isPartOf\":{\"@id\":\"https:\\\/\\\/restaurantegulliver.es\\\/en\\\/#website\"},\"primaryImageOfPage\":{\"@id\":\"https:\\\/\\\/restaurantegulliver.es\\\/en\\\/producto\\\/experiencia-gulliver-100\\\/#primaryimage\"},\"image\":{\"@id\":\"https:\\\/\\\/restaurantegulliver.es\\\/en\\\/producto\\\/experiencia-gulliver-100\\\/#primaryimage\"},\"thumbnailUrl\":\"https:\\\/\\\/restaurantegulliver.es\\\/wp-content\\\/uploads\\\/2025\\\/11\\\/voucher-gulliver-01.webp\",\"datePublished\":\"2026-02-09T11:14:24+00:00\",\"dateModified\":\"2026-03-02T14:33:24+00:00\",\"breadcrumb\":{\"@id\":\"https:\\\/\\\/restaurantegulliver.es\\\/en\\\/producto\\\/experiencia-gulliver-100\\\/#breadcrumb\"},\"inLanguage\":\"en-US\",\"potentialAction\":[{\"@type\":\"ReadAction\",\"target\":[\"https:\\\/\\\/restaurantegulliver.es\\\/en\\\/producto\\\/experiencia-gulliver-100\\\/\"]}]},{\"@type\":\"ImageObject\",\"inLanguage\":\"en-US\",\"@id\":\"https:\\\/\\\/restaurantegulliver.es\\\/en\\\/producto\\\/experiencia-gulliver-100\\\/#primaryimage\",\"url\":\"https:\\\/\\\/restaurantegulliver.es\\\/wp-content\\\/uploads\\\/2025\\\/11\\\/voucher-gulliver-01.webp\",\"contentUrl\":\"https:\\\/\\\/restaurantegulliver.es\\\/wp-content\\\/uploads\\\/2025\\\/11\\\/voucher-gulliver-01.webp\",\"width\":800,\"height\":411},{\"@type\":\"BreadcrumbList\",\"@id\":\"https:\\\/\\\/restaurantegulliver.es\\\/en\\\/producto\\\/experiencia-gulliver-100\\\/#breadcrumb\",\"itemListElement\":[{\"@type\":\"ListItem\",\"position\":1,\"name\":\"Portada\",\"item\":\"https:\\\/\\\/restaurantegulliver.es\\\/en\\\/\"},{\"@type\":\"ListItem\",\"position\":2,\"name\":\"Tienda\",\"item\":\"https:\\\/\\\/restaurantegulliver.es\\\/tienda\\\/\"},{\"@type\":\"ListItem\",\"position\":3,\"name\":\"Experiencia Gulliver 100\"}]},{\"@type\":\"WebSite\",\"@id\":\"https:\\\/\\\/restaurantegulliver.es\\\/en\\\/#website\",\"url\":\"https:\\\/\\\/restaurantegulliver.es\\\/en\\\/\",\"name\":\"Restaurante Gulliver\",\"description\":\"Cocina tradicional a orillas del Turia donde disfrutar de lo mejor de la gastronom\u00eda mediterr\u00e1nea en un lugar \u00fanico.\",\"publisher\":{\"@id\":\"https:\\\/\\\/restaurantegulliver.es\\\/en\\\/#organization\"},\"potentialAction\":[{\"@type\":\"SearchAction\",\"target\":{\"@type\":\"EntryPoint\",\"urlTemplate\":\"https:\\\/\\\/restaurantegulliver.es\\\/en\\\/?s={search_term_string}\"},\"query-input\":{\"@type\":\"PropertyValueSpecification\",\"valueRequired\":true,\"valueName\":\"search_term_string\"}}],\"inLanguage\":\"en-US\"},{\"@type\":\"Organization\",\"@id\":\"https:\\\/\\\/restaurantegulliver.es\\\/en\\\/#organization\",\"name\":\"Restaurante Gulliver\",\"url\":\"https:\\\/\\\/restaurantegulliver.es\\\/en\\\/\",\"logo\":{\"@type\":\"ImageObject\",\"inLanguage\":\"en-US\",\"@id\":\"https:\\\/\\\/restaurantegulliver.es\\\/en\\\/#\\\/schema\\\/logo\\\/image\\\/\",\"url\":\"https:\\\/\\\/restaurantegulliver.es\\\/wp-content\\\/uploads\\\/2025\\\/11\\\/cropped-cropped-logo-gulliver-adaptado-web-1.webp\",\"contentUrl\":\"https:\\\/\\\/restaurantegulliver.es\\\/wp-content\\\/uploads\\\/2025\\\/11\\\/cropped-cropped-logo-gulliver-adaptado-web-1.webp\",\"width\":1189,\"height\":184,\"caption\":\"Restaurante Gulliver\"},\"image\":{\"@id\":\"https:\\\/\\\/restaurantegulliver.es\\\/en\\\/#\\\/schema\\\/logo\\\/image\\\/\"},\"sameAs\":[\"https:\\\/\\\/www.facebook.com\\\/profile.php?id=61555328348911\",\"https:\\\/\\\/www.instagram.com\\\/restaurantegullivervalencia\\\/\"]}]}<\/script>\n<!-- \/ Yoast SEO plugin. -->","yoast_head_json":{"title":"Experiencia Gulliver 100 - Restaurante Gulliver","robots":{"index":"index","follow":"follow","max-snippet":"max-snippet:-1","max-image-preview":"max-image-preview:large","max-video-preview":"max-video-preview:-1"},"canonical":"https:\/\/restaurantegulliver.es\/en\/producto\/experiencia-gulliver-100\/","og_locale":"en_US","og_type":"article","og_title":"Experiencia Gulliver 100 - Restaurante Gulliver","og_description":"Una experiencia Gulliver es una forma directa de regalar (o regalarte) Gulliver: eliges el importe, compras online y recibes (t\u00fa o la persona a la que regalas) por email un c\u00f3digo \u00fanico para usar en el restaurante como pago parcial o total de tu cuenta.  \u2728 C\u00f3mo funciona  Compra en la web y recibe el c\u00f3digo.  Reserva previa obligatoria.  Pres\u00e9ntalo al pedir la cuenta y lo aplicamos en el pago.  Si tu consumo supera el importe del c\u00f3digo, abonas la diferencia.  Si tu consumo es inferior, el importe no se guarda ni se reembolsa.  \ud83d\udccc Condiciones C\u00f3digo de un solo uso \u00b7 No reembolsable ni canjeable por dinero \u00b7 V\u00e1lido cualquier d\u00eda y hora de apertura \u00b7 No hace falta avisar al reservar: basta con presentarlo al pagar. Necesario reservar.  Experiencia Gulliver \u2014 100 \u20ac  Tu Experiencia Gulliver de 100 \u20ac. Compra online y recibe por email un c\u00f3digo \u00fanico para disfrutar en el restaurante y aplicarlo al pago de tu cuenta.","og_url":"https:\/\/restaurantegulliver.es\/en\/producto\/experiencia-gulliver-100\/","og_site_name":"Restaurante Gulliver","article_publisher":"https:\/\/www.facebook.com\/profile.php?id=61555328348911","article_modified_time":"2026-03-02T14:33:24+00:00","og_image":[{"width":800,"height":411,"url":"https:\/\/restaurantegulliver.es\/wp-content\/uploads\/2025\/11\/voucher-gulliver-01.webp","type":"image\/webp"}],"twitter_card":"summary_large_image","twitter_misc":{"Est. reading time":"1 minute"},"schema":{"@context":"https:\/\/schema.org","@graph":[{"@type":"WebPage","@id":"https:\/\/restaurantegulliver.es\/en\/producto\/experiencia-gulliver-100\/","url":"https:\/\/restaurantegulliver.es\/en\/producto\/experiencia-gulliver-100\/","name":"Experiencia Gulliver 100 - Restaurante Gulliver","isPartOf":{"@id":"https:\/\/restaurantegulliver.es\/en\/#website"},"primaryImageOfPage":{"@id":"https:\/\/restaurantegulliver.es\/en\/producto\/experiencia-gulliver-100\/#primaryimage"},"image":{"@id":"https:\/\/restaurantegulliver.es\/en\/producto\/experiencia-gulliver-100\/#primaryimage"},"thumbnailUrl":"https:\/\/restaurantegulliver.es\/wp-content\/uploads\/2025\/11\/voucher-gulliver-01.webp","datePublished":"2026-02-09T11:14:24+00:00","dateModified":"2026-03-02T14:33:24+00:00","breadcrumb":{"@id":"https:\/\/restaurantegulliver.es\/en\/producto\/experiencia-gulliver-100\/#breadcrumb"},"inLanguage":"en-US","potentialAction":[{"@type":"ReadAction","target":["https:\/\/restaurantegulliver.es\/en\/producto\/experiencia-gulliver-100\/"]}]},{"@type":"ImageObject","inLanguage":"en-US","@id":"https:\/\/restaurantegulliver.es\/en\/producto\/experiencia-gulliver-100\/#primaryimage","url":"https:\/\/restaurantegulliver.es\/wp-content\/uploads\/2025\/11\/voucher-gulliver-01.webp","contentUrl":"https:\/\/restaurantegulliver.es\/wp-content\/uploads\/2025\/11\/voucher-gulliver-01.webp","width":800,"height":411},{"@type":"BreadcrumbList","@id":"https:\/\/restaurantegulliver.es\/en\/producto\/experiencia-gulliver-100\/#breadcrumb","itemListElement":[{"@type":"ListItem","position":1,"name":"Portada","item":"https:\/\/restaurantegulliver.es\/en\/"},{"@type":"ListItem","position":2,"name":"Tienda","item":"https:\/\/restaurantegulliver.es\/tienda\/"},{"@type":"ListItem","position":3,"name":"Experiencia Gulliver 100"}]},{"@type":"WebSite","@id":"https:\/\/restaurantegulliver.es\/en\/#website","url":"https:\/\/restaurantegulliver.es\/en\/","name":"Restaurante Gulliver","description":"Cocina tradicional a orillas del Turia donde disfrutar de lo mejor de la gastronom\u00eda mediterr\u00e1nea en un lugar \u00fanico.","publisher":{"@id":"https:\/\/restaurantegulliver.es\/en\/#organization"},"potentialAction":[{"@type":"SearchAction","target":{"@type":"EntryPoint","urlTemplate":"https:\/\/restaurantegulliver.es\/en\/?s={search_term_string}"},"query-input":{"@type":"PropertyValueSpecification","valueRequired":true,"valueName":"search_term_string"}}],"inLanguage":"en-US"},{"@type":"Organization","@id":"https:\/\/restaurantegulliver.es\/en\/#organization","name":"Restaurante Gulliver","url":"https:\/\/restaurantegulliver.es\/en\/","logo":{"@type":"ImageObject","inLanguage":"en-US","@id":"https:\/\/restaurantegulliver.es\/en\/#\/schema\/logo\/image\/","url":"https:\/\/restaurantegulliver.es\/wp-content\/uploads\/2025\/11\/cropped-cropped-logo-gulliver-adaptado-web-1.webp","contentUrl":"https:\/\/restaurantegulliver.es\/wp-content\/uploads\/2025\/11\/cropped-cropped-logo-gulliver-adaptado-web-1.webp","width":1189,"height":184,"caption":"Restaurante Gulliver"},"image":{"@id":"https:\/\/restaurantegulliver.es\/en\/#\/schema\/logo\/image\/"},"sameAs":["https:\/\/www.facebook.com\/profile.php?id=61555328348911","https:\/\/www.instagram.com\/restaurantegullivervalencia\/"]}]}},"_links":{"self":[{"href":"https:\/\/restaurantegulliver.es\/en\/wp-json\/wp\/v2\/product\/4264","targetHints":{"allow":["GET"]}}],"collection":[{"href":"https:\/\/restaurantegulliver.es\/en\/wp-json\/wp\/v2\/product"}],"about":[{"href":"https:\/\/restaurantegulliver.es\/en\/wp-json\/wp\/v2\/types\/product"}],"wp:featuredmedia":[{"embeddable":true,"href":"https:\/\/restaurantegulliver.es\/en\/wp-json\/wp\/v2\/media\/4054"}],"wp:attachment":[{"href":"https:\/\/restaurantegulliver.es\/en\/wp-json\/wp\/v2\/media?parent=4264"}],"wp:term":[{"taxonomy":"product_brand","embeddable":true,"href":"https:\/\/restaurantegulliver.es\/en\/wp-json\/wp\/v2\/product_brand?post=4264"},{"taxonomy":"product_cat","embeddable":true,"href":"https:\/\/restaurantegulliver.es\/en\/wp-json\/wp\/v2\/product_cat?post=4264"},{"taxonomy":"product_tag","embeddable":true,"href":"https:\/\/restaurantegulliver.es\/en\/wp-json\/wp\/v2\/product_tag?post=4264"}],"curies":[{"name":"wp","href":"https:\/\/api.w.org\/{rel}","templated":true}]}}