{"id":3862,"date":"2025-01-22T09:11:46","date_gmt":"2025-01-22T09:11:46","guid":{"rendered":"https:\/\/restaurantegulliver.es\/menus-dentreprise\/"},"modified":"2025-03-21T22:48:18","modified_gmt":"2025-03-21T22:48:18","slug":"menus-dentreprise","status":"publish","type":"page","link":"https:\/\/restaurantegulliver.es\/fr\/menus-dentreprise\/","title":{"rendered":"Menus d\u2019entreprise"},"content":{"rendered":"\t\t<div data-elementor-type=\"wp-page\" data-elementor-id=\"3862\" class=\"elementor elementor-3862 elementor-3789\">\n\t\t\t\t<div class=\"elementor-element elementor-element-4f92c7e e-flex e-con-boxed e-con e-parent\" data-id=\"4f92c7e\" data-element_type=\"container\" data-e-type=\"container\" data-settings=\"{&quot;background_background&quot;:&quot;classic&quot;}\">\n\t\t\t\t\t<div class=\"e-con-inner\">\n\t\t<div class=\"elementor-element elementor-element-ae34100 e-con-full e-flex e-con e-child\" data-id=\"ae34100\" data-element_type=\"container\" data-e-type=\"container\">\n\t\t\t\t<div class=\"elementor-element elementor-element-95d1b6e elementor-widget elementor-widget-heading\" data-id=\"95d1b6e\" data-element_type=\"widget\" data-e-type=\"widget\" data-widget_type=\"heading.default\">\n\t\t\t\t<div class=\"elementor-widget-container\">\n\t\t\t\t\t<h1 class=\"elementor-heading-title elementor-size-default\">Entreprises<\/h1>\t\t\t\t<\/div>\n\t\t\t\t<\/div>\n\t\t\t\t<div class=\"elementor-element elementor-element-692eacc elementor-widget-divider--view-line elementor-widget elementor-widget-divider\" data-id=\"692eacc\" data-element_type=\"widget\" data-e-type=\"widget\" data-widget_type=\"divider.default\">\n\t\t\t\t<div class=\"elementor-widget-container\">\n\t\t\t\t\t\t\t<div class=\"elementor-divider\">\n\t\t\t<span class=\"elementor-divider-separator\">\n\t\t\t\t\t\t<\/span>\n\t\t<\/div>\n\t\t\t\t\t\t<\/div>\n\t\t\t\t<\/div>\n\t\t\t\t<\/div>\n\t\t\t\t\t<\/div>\n\t\t\t\t<\/div>\n\t\t<div class=\"elementor-element elementor-element-2ec9455 e-flex e-con-boxed e-con e-parent\" data-id=\"2ec9455\" data-element_type=\"container\" data-e-type=\"container\">\n\t\t\t\t\t<div class=\"e-con-inner\">\n\t\t<div class=\"elementor-element elementor-element-57a2f8c e-con-full e-flex e-con e-child\" data-id=\"57a2f8c\" data-element_type=\"container\" data-e-type=\"container\">\n\t\t\t\t<div class=\"elementor-element elementor-element-8f8602e elementor-widget elementor-widget-heading\" data-id=\"8f8602e\" data-element_type=\"widget\" data-e-type=\"widget\" data-widget_type=\"heading.default\">\n\t\t\t\t<div class=\"elementor-widget-container\">\n\t\t\t\t\t<h2 class=\"elementor-heading-title elementor-size-default\">Menus pour entreprises et \u00e9v\u00e9nements<\/h2>\t\t\t\t<\/div>\n\t\t\t\t<\/div>\n\t\t\t\t<div class=\"elementor-element elementor-element-1a776f8 elementor-widget elementor-widget-text-editor\" data-id=\"1a776f8\" data-element_type=\"widget\" data-e-type=\"widget\" data-widget_type=\"text-editor.default\">\n\t\t\t\t<div class=\"elementor-widget-container\">\n\t\t\t\t\t\t\t\t\t<p>Chez Gulliver, nous savons que les meilleures r\u00e9unions se d\u00e9gustent autour d\u2019une bonne table. C\u2019est pourquoi nous avons con\u00e7u des menus sp\u00e9ciaux pour les entreprises et les \u00e9v\u00e9nements qui combinent notre passion pour la cuisine avec un service impeccable.<\/p>\t\t\t\t\t\t\t\t<\/div>\n\t\t\t\t<\/div>\n\t\t\t\t<div class=\"elementor-element elementor-element-16e3860 elementor-widget elementor-widget-heading\" data-id=\"16e3860\" data-element_type=\"widget\" data-e-type=\"widget\" data-widget_type=\"heading.default\">\n\t\t\t\t<div class=\"elementor-widget-container\">\n\t\t\t\t\t<h6 class=\"elementor-heading-title elementor-size-default\">Appelez-nous<\/h6>\t\t\t\t<\/div>\n\t\t\t\t<\/div>\n\t\t\t\t<div class=\"elementor-element elementor-element-5b42332 elementor-widget elementor-widget-heading\" data-id=\"5b42332\" data-element_type=\"widget\" data-e-type=\"widget\" data-widget_type=\"heading.default\">\n\t\t\t\t<div class=\"elementor-widget-container\">\n\t\t\t\t\t<div class=\"elementor-heading-title elementor-size-default\">+34 627 40 85 51<\/div>\t\t\t\t<\/div>\n\t\t\t\t<\/div>\n\t\t\t\t<div class=\"elementor-element elementor-element-4541e21 elementor-widget elementor-widget-heading\" data-id=\"4541e21\" data-element_type=\"widget\" data-e-type=\"widget\" data-widget_type=\"heading.default\">\n\t\t\t\t<div class=\"elementor-widget-container\">\n\t\t\t\t\t<h6 class=\"elementor-heading-title elementor-size-default\"><a href=\"#\">info.gulliver@grupogulliver.com  <\/a><\/h6>\t\t\t\t<\/div>\n\t\t\t\t<\/div>\n\t\t\t\t<\/div>\n\t\t\t\t\t<\/div>\n\t\t\t\t<\/div>\n\t\t<div class=\"elementor-element elementor-element-dfa393a e-con-full e-flex e-con e-parent\" data-id=\"dfa393a\" data-element_type=\"container\" data-e-type=\"container\">\n\t\t<div class=\"elementor-element elementor-element-37b95f7 e-con-full e-flex e-con e-child\" data-id=\"37b95f7\" data-element_type=\"container\" data-e-type=\"container\">\n\t\t\t\t<div class=\"elementor-element elementor-element-d465253 elementor-widget elementor-widget-heading\" data-id=\"d465253\" data-element_type=\"widget\" data-e-type=\"widget\" data-widget_type=\"heading.default\">\n\t\t\t\t<div class=\"elementor-widget-container\">\n\t\t\t\t\t<h2 class=\"elementor-heading-title elementor-size-default\">Si vous organisez un d\u00e9jeuner, un d\u00eener ou un \u00e9v\u00e9nement pour votre entreprise, vous \u00eates au bon endroit ! D\u00e9couvrez nos menus et laissez-nous nous occuper de tout. Juste se soucier de profiter.<\/h2>\t\t\t\t<\/div>\n\t\t\t\t<\/div>\n\t\t\t\t<\/div>\n\t\t<div class=\"elementor-element elementor-element-4fc8421 e-con-full e-flex e-con e-child\" data-id=\"4fc8421\" data-element_type=\"container\" data-e-type=\"container\" data-settings=\"{&quot;background_background&quot;:&quot;classic&quot;}\">\n\t\t\t\t<div class=\"elementor-element elementor-element-7688f89 elementor-widget elementor-widget-heading\" data-id=\"7688f89\" data-element_type=\"widget\" data-e-type=\"widget\" data-widget_type=\"heading.default\">\n\t\t\t\t<div class=\"elementor-widget-container\">\n\t\t\t\t\t<h3 class=\"elementor-heading-title elementor-size-default\">On parle de votre \u00e9v\u00e9nement ?<\/h3>\t\t\t\t<\/div>\n\t\t\t\t<\/div>\n\t\t\t\t<div class=\"elementor-element elementor-element-221b19c elementor-widget elementor-widget-wp-widget-wpforms-widget\" data-id=\"221b19c\" data-element_type=\"widget\" data-e-type=\"widget\" data-widget_type=\"wp-widget-wpforms-widget.default\">\n\t\t\t\t<div class=\"elementor-widget-container\">\n\t\t\t\t\t<div class=\"wpforms-container \" id=\"wpforms-8\"><form id=\"wpforms-form-8\" class=\"wpforms-validate wpforms-form\" data-formid=\"8\" method=\"post\" enctype=\"multipart\/form-data\" action=\"\/fr\/wp-json\/wp\/v2\/pages\/3862\" data-token=\"1bf1d31b6e4a0213bae71c8ae82349d8\" data-token-time=\"1777451467\"><noscript class=\"wpforms-error-noscript\">Veuillez activer JavaScript dans votre navigateur pour remplir ce formulaire.<\/noscript><div class=\"wpforms-field-container\"><div id=\"wpforms-8-field_0-container\" class=\"wpforms-field wpforms-field-name\" data-field-id=\"0\"><label class=\"wpforms-field-label wpforms-label-hide\" for=\"wpforms-8-field_0\">+ Nombre <span class=\"wpforms-required-label\">*<\/span><\/label><input type=\"text\" id=\"wpforms-8-field_0\" class=\"wpforms-field-large wpforms-field-required\" name=\"wpforms[fields][0]\" placeholder=\"Nombre completo*\" required><\/div><div id=\"wpforms-8-field_1-container\" class=\"wpforms-field wpforms-field-email\" data-field-id=\"1\"><label class=\"wpforms-field-label wpforms-label-hide\" for=\"wpforms-8-field_1\">+ Email <span class=\"wpforms-required-label\">*<\/span><\/label><input type=\"email\" id=\"wpforms-8-field_1\" class=\"wpforms-field-large wpforms-field-required\" name=\"wpforms[fields][1]\" placeholder=\"Email activo*\" spellcheck=\"false\" required><\/div><div id=\"wpforms-8-field_4-container\" class=\"wpforms-field wpforms-field-text\" data-field-id=\"4\"><label class=\"wpforms-field-label wpforms-label-hide\" for=\"wpforms-8-field_4\">Tel\u00e9fono <span class=\"wpforms-required-label\">*<\/span><\/label><input type=\"text\" id=\"wpforms-8-field_4\" class=\"wpforms-field-large wpforms-field-required\" name=\"wpforms[fields][4]\" placeholder=\"Escribe tu n\u00famero de tel\u00e9fono\" required><\/div><div id=\"wpforms-8-field_2-container\" class=\"wpforms-field wpforms-field-textarea\" data-field-id=\"2\"><label class=\"wpforms-field-label wpforms-label-hide\" for=\"wpforms-8-field_2\">Mensaje <span class=\"wpforms-required-label\">*<\/span><\/label><textarea id=\"wpforms-8-field_2\" class=\"wpforms-field-medium wpforms-field-required\" name=\"wpforms[fields][2]\" placeholder=\"Deja tu mensaje aqu\u00ed*\" required><\/textarea><\/div><\/div><!-- .wpforms-field-container --><div class=\"wpforms-field wpforms-field-hp\"><label for=\"wpforms-8-field-hp\" class=\"wpforms-field-label\">Website<\/label><input type=\"text\" name=\"wpforms[hp]\" id=\"wpforms-8-field-hp\" class=\"wpforms-field-medium\"><\/div><div class=\"wpforms-submit-container\" ><input type=\"hidden\" name=\"wpforms[id]\" value=\"8\"><input type=\"hidden\" name=\"page_title\" value=\"\"><input type=\"hidden\" name=\"page_url\" value=\"https:\/\/restaurantegulliver.es\/fr\/wp-json\/wp\/v2\/pages\/3862\"><input type=\"hidden\" name=\"url_referer\" value=\"\"><button type=\"submit\" name=\"wpforms[submit]\" id=\"wpforms-submit-8\" class=\"wpforms-submit\" data-alt-text=\"Enviando...\" data-submit-text=\"Enviar mensaje\" aria-live=\"assertive\" value=\"wpforms-submit\">Enviar mensaje<\/button><\/div><\/form><\/div>  <!-- .wpforms-container -->\t\t\t\t<\/div>\n\t\t\t\t<\/div>\n\t\t\t\t<\/div>\n\t\t\t\t<\/div>\n\t\t\t\t<\/div>\n\t\t","protected":false},"excerpt":{"rendered":"<p>Entreprises Menus pour entreprises et \u00e9v\u00e9nements Chez Gulliver, nous savons que les meilleures r\u00e9unions se d\u00e9gustent autour d\u2019une bonne table. [&hellip;]<\/p>\n","protected":false},"author":1,"featured_media":0,"parent":0,"menu_order":0,"comment_status":"closed","ping_status":"closed","template":"","meta":{"om_disable_all_campaigns":false,"_monsterinsights_skip_tracking":false,"_monsterinsights_sitenote_active":false,"_monsterinsights_sitenote_note":"","_monsterinsights_sitenote_category":0,"_uf_show_specific_survey":0,"_uf_disable_surveys":false,"site-sidebar-layout":"no-sidebar","site-content-layout":"page-builder","ast-site-content-layout":"full-width-container","site-content-style":"unboxed","site-sidebar-style":"unboxed","ast-global-header-display":"","ast-banner-title-visibility":"","ast-main-header-display":"","ast-hfb-above-header-display":"","ast-hfb-below-header-display":"","ast-hfb-mobile-header-display":"","site-post-title":"disabled","ast-breadcrumbs-content":"","ast-featured-img":"disabled","footer-sml-layout":"","ast-disable-related-posts":"","theme-transparent-header-meta":"enabled","adv-header-id-meta":"","stick-header-meta":"","header-above-stick-meta":"","header-main-stick-meta":"","header-below-stick-meta":"","astra-migrate-meta-layouts":"default","ast-page-background-enabled":"default","ast-page-background-meta":{"desktop":{"background-color":"","background-image":"","background-repeat":"repeat","background-position":"center center","background-size":"auto","background-attachment":"scroll","background-type":"","background-media":"","overlay-type":"","overlay-color":"","overlay-opacity":"","overlay-gradient":""},"tablet":{"background-color":"","background-image":"","background-repeat":"repeat","background-position":"center center","background-size":"auto","background-attachment":"scroll","background-type":"","background-media":"","overlay-type":"","overlay-color":"","overlay-opacity":"","overlay-gradient":""},"mobile":{"background-color":"","background-image":"","background-repeat":"repeat","background-position":"center center","background-size":"auto","background-attachment":"scroll","background-type":"","background-media":"","overlay-type":"","overlay-color":"","overlay-opacity":"","overlay-gradient":""}},"ast-content-background-meta":{"desktop":{"background-color":"var(--ast-global-color-5)","background-image":"","background-repeat":"repeat","background-position":"center center","background-size":"auto","background-attachment":"scroll","background-type":"","background-media":"","overlay-type":"","overlay-color":"","overlay-opacity":"","overlay-gradient":""},"tablet":{"background-color":"var(--ast-global-color-5)","background-image":"","background-repeat":"repeat","background-position":"center center","background-size":"auto","background-attachment":"scroll","background-type":"","background-media":"","overlay-type":"","overlay-color":"","overlay-opacity":"","overlay-gradient":""},"mobile":{"background-color":"var(--ast-global-color-5)","background-image":"","background-repeat":"repeat","background-position":"center center","background-size":"auto","background-attachment":"scroll","background-type":"","background-media":"","overlay-type":"","overlay-color":"","overlay-opacity":"","overlay-gradient":""}},"footnotes":""},"class_list":["post-3862","page","type-page","status-publish","hentry"],"yoast_head":"<!-- This site is optimized with the Yoast SEO plugin v27.3 - https:\/\/yoast.com\/product\/yoast-seo-wordpress\/ -->\n<title>Menus d\u2019entreprise - Restaurante Gulliver<\/title>\n<meta name=\"description\" content=\"Contactez le restaurant Gulliver, nous vous aidons \u00e0 r\u00e9server votre table et \u00e0 d\u00e9guster la meilleure cuisine m\u00e9diterran\u00e9enne et traditionnelle.\" \/>\n<meta name=\"robots\" content=\"index, follow, max-snippet:-1, max-image-preview:large, max-video-preview:-1\" \/>\n<link rel=\"canonical\" href=\"https:\/\/restaurantegulliver.es\/fr\/menus-dentreprise\/\" \/>\n<meta property=\"og:locale\" content=\"fr_FR\" \/>\n<meta property=\"og:type\" content=\"article\" \/>\n<meta property=\"og:title\" content=\"Menus d\u2019entreprise - Restaurante Gulliver\" \/>\n<meta property=\"og:description\" content=\"Contactez le restaurant Gulliver, nous vous aidons \u00e0 r\u00e9server votre table et \u00e0 d\u00e9guster la meilleure cuisine m\u00e9diterran\u00e9enne et traditionnelle.\" \/>\n<meta property=\"og:url\" content=\"https:\/\/restaurantegulliver.es\/fr\/menus-dentreprise\/\" \/>\n<meta property=\"og:site_name\" content=\"Restaurante Gulliver\" \/>\n<meta property=\"article:publisher\" content=\"https:\/\/www.facebook.com\/profile.php?id=61555328348911\" \/>\n<meta property=\"article:modified_time\" content=\"2025-03-21T22:48:18+00:00\" \/>\n<meta name=\"twitter:card\" content=\"summary_large_image\" \/>\n<meta name=\"twitter:label1\" content=\"Dur\u00e9e de lecture estim\u00e9e\" \/>\n\t<meta name=\"twitter:data1\" content=\"1 minute\" \/>\n<script type=\"application\/ld+json\" class=\"yoast-schema-graph\">{\"@context\":\"https:\\\/\\\/schema.org\",\"@graph\":[{\"@type\":\"WebPage\",\"@id\":\"https:\\\/\\\/restaurantegulliver.es\\\/fr\\\/menus-dentreprise\\\/\",\"url\":\"https:\\\/\\\/restaurantegulliver.es\\\/fr\\\/menus-dentreprise\\\/\",\"name\":\"Menus d\u2019entreprise - Restaurante Gulliver\",\"isPartOf\":{\"@id\":\"https:\\\/\\\/restaurantegulliver.es\\\/fr\\\/#website\"},\"datePublished\":\"2025-01-22T09:11:46+00:00\",\"dateModified\":\"2025-03-21T22:48:18+00:00\",\"description\":\"Contactez le restaurant Gulliver, nous vous aidons \u00e0 r\u00e9server votre table et \u00e0 d\u00e9guster la meilleure cuisine m\u00e9diterran\u00e9enne et traditionnelle.\",\"breadcrumb\":{\"@id\":\"https:\\\/\\\/restaurantegulliver.es\\\/fr\\\/menus-dentreprise\\\/#breadcrumb\"},\"inLanguage\":\"fr-FR\",\"potentialAction\":[{\"@type\":\"ReadAction\",\"target\":[\"https:\\\/\\\/restaurantegulliver.es\\\/fr\\\/menus-dentreprise\\\/\"]}]},{\"@type\":\"BreadcrumbList\",\"@id\":\"https:\\\/\\\/restaurantegulliver.es\\\/fr\\\/menus-dentreprise\\\/#breadcrumb\",\"itemListElement\":[{\"@type\":\"ListItem\",\"position\":1,\"name\":\"Portada\",\"item\":\"https:\\\/\\\/restaurantegulliver.es\\\/fr\\\/accueil\\\/\"},{\"@type\":\"ListItem\",\"position\":2,\"name\":\"Menus d\u2019entreprise\"}]},{\"@type\":\"WebSite\",\"@id\":\"https:\\\/\\\/restaurantegulliver.es\\\/fr\\\/#website\",\"url\":\"https:\\\/\\\/restaurantegulliver.es\\\/fr\\\/\",\"name\":\"Restaurante Gulliver\",\"description\":\"Cocina tradicional a orillas del Turia donde disfrutar de lo mejor de la gastronom\u00eda mediterr\u00e1nea en un lugar \u00fanico.\",\"publisher\":{\"@id\":\"https:\\\/\\\/restaurantegulliver.es\\\/fr\\\/#organization\"},\"potentialAction\":[{\"@type\":\"SearchAction\",\"target\":{\"@type\":\"EntryPoint\",\"urlTemplate\":\"https:\\\/\\\/restaurantegulliver.es\\\/fr\\\/?s={search_term_string}\"},\"query-input\":{\"@type\":\"PropertyValueSpecification\",\"valueRequired\":true,\"valueName\":\"search_term_string\"}}],\"inLanguage\":\"fr-FR\"},{\"@type\":\"Organization\",\"@id\":\"https:\\\/\\\/restaurantegulliver.es\\\/fr\\\/#organization\",\"name\":\"Restaurante Gulliver\",\"url\":\"https:\\\/\\\/restaurantegulliver.es\\\/fr\\\/\",\"logo\":{\"@type\":\"ImageObject\",\"inLanguage\":\"fr-FR\",\"@id\":\"https:\\\/\\\/restaurantegulliver.es\\\/fr\\\/#\\\/schema\\\/logo\\\/image\\\/\",\"url\":\"https:\\\/\\\/restaurantegulliver.es\\\/wp-content\\\/uploads\\\/2025\\\/11\\\/cropped-cropped-logo-gulliver-adaptado-web-1.webp\",\"contentUrl\":\"https:\\\/\\\/restaurantegulliver.es\\\/wp-content\\\/uploads\\\/2025\\\/11\\\/cropped-cropped-logo-gulliver-adaptado-web-1.webp\",\"width\":1189,\"height\":184,\"caption\":\"Restaurante Gulliver\"},\"image\":{\"@id\":\"https:\\\/\\\/restaurantegulliver.es\\\/fr\\\/#\\\/schema\\\/logo\\\/image\\\/\"},\"sameAs\":[\"https:\\\/\\\/www.facebook.com\\\/profile.php?id=61555328348911\",\"https:\\\/\\\/www.instagram.com\\\/restaurantegullivervalencia\\\/\"]}]}<\/script>\n<!-- \/ Yoast SEO plugin. -->","yoast_head_json":{"title":"Menus d\u2019entreprise - Restaurante Gulliver","description":"Contactez le restaurant Gulliver, nous vous aidons \u00e0 r\u00e9server votre table et \u00e0 d\u00e9guster la meilleure cuisine m\u00e9diterran\u00e9enne et traditionnelle.","robots":{"index":"index","follow":"follow","max-snippet":"max-snippet:-1","max-image-preview":"max-image-preview:large","max-video-preview":"max-video-preview:-1"},"canonical":"https:\/\/restaurantegulliver.es\/fr\/menus-dentreprise\/","og_locale":"fr_FR","og_type":"article","og_title":"Menus d\u2019entreprise - Restaurante Gulliver","og_description":"Contactez le restaurant Gulliver, nous vous aidons \u00e0 r\u00e9server votre table et \u00e0 d\u00e9guster la meilleure cuisine m\u00e9diterran\u00e9enne et traditionnelle.","og_url":"https:\/\/restaurantegulliver.es\/fr\/menus-dentreprise\/","og_site_name":"Restaurante Gulliver","article_publisher":"https:\/\/www.facebook.com\/profile.php?id=61555328348911","article_modified_time":"2025-03-21T22:48:18+00:00","twitter_card":"summary_large_image","twitter_misc":{"Dur\u00e9e de lecture estim\u00e9e":"1 minute"},"schema":{"@context":"https:\/\/schema.org","@graph":[{"@type":"WebPage","@id":"https:\/\/restaurantegulliver.es\/fr\/menus-dentreprise\/","url":"https:\/\/restaurantegulliver.es\/fr\/menus-dentreprise\/","name":"Menus d\u2019entreprise - Restaurante Gulliver","isPartOf":{"@id":"https:\/\/restaurantegulliver.es\/fr\/#website"},"datePublished":"2025-01-22T09:11:46+00:00","dateModified":"2025-03-21T22:48:18+00:00","description":"Contactez le restaurant Gulliver, nous vous aidons \u00e0 r\u00e9server votre table et \u00e0 d\u00e9guster la meilleure cuisine m\u00e9diterran\u00e9enne et traditionnelle.","breadcrumb":{"@id":"https:\/\/restaurantegulliver.es\/fr\/menus-dentreprise\/#breadcrumb"},"inLanguage":"fr-FR","potentialAction":[{"@type":"ReadAction","target":["https:\/\/restaurantegulliver.es\/fr\/menus-dentreprise\/"]}]},{"@type":"BreadcrumbList","@id":"https:\/\/restaurantegulliver.es\/fr\/menus-dentreprise\/#breadcrumb","itemListElement":[{"@type":"ListItem","position":1,"name":"Portada","item":"https:\/\/restaurantegulliver.es\/fr\/accueil\/"},{"@type":"ListItem","position":2,"name":"Menus d\u2019entreprise"}]},{"@type":"WebSite","@id":"https:\/\/restaurantegulliver.es\/fr\/#website","url":"https:\/\/restaurantegulliver.es\/fr\/","name":"Restaurante Gulliver","description":"Cocina tradicional a orillas del Turia donde disfrutar de lo mejor de la gastronom\u00eda mediterr\u00e1nea en un lugar \u00fanico.","publisher":{"@id":"https:\/\/restaurantegulliver.es\/fr\/#organization"},"potentialAction":[{"@type":"SearchAction","target":{"@type":"EntryPoint","urlTemplate":"https:\/\/restaurantegulliver.es\/fr\/?s={search_term_string}"},"query-input":{"@type":"PropertyValueSpecification","valueRequired":true,"valueName":"search_term_string"}}],"inLanguage":"fr-FR"},{"@type":"Organization","@id":"https:\/\/restaurantegulliver.es\/fr\/#organization","name":"Restaurante Gulliver","url":"https:\/\/restaurantegulliver.es\/fr\/","logo":{"@type":"ImageObject","inLanguage":"fr-FR","@id":"https:\/\/restaurantegulliver.es\/fr\/#\/schema\/logo\/image\/","url":"https:\/\/restaurantegulliver.es\/wp-content\/uploads\/2025\/11\/cropped-cropped-logo-gulliver-adaptado-web-1.webp","contentUrl":"https:\/\/restaurantegulliver.es\/wp-content\/uploads\/2025\/11\/cropped-cropped-logo-gulliver-adaptado-web-1.webp","width":1189,"height":184,"caption":"Restaurante Gulliver"},"image":{"@id":"https:\/\/restaurantegulliver.es\/fr\/#\/schema\/logo\/image\/"},"sameAs":["https:\/\/www.facebook.com\/profile.php?id=61555328348911","https:\/\/www.instagram.com\/restaurantegullivervalencia\/"]}]}},"_links":{"self":[{"href":"https:\/\/restaurantegulliver.es\/fr\/wp-json\/wp\/v2\/pages\/3862","targetHints":{"allow":["GET"]}}],"collection":[{"href":"https:\/\/restaurantegulliver.es\/fr\/wp-json\/wp\/v2\/pages"}],"about":[{"href":"https:\/\/restaurantegulliver.es\/fr\/wp-json\/wp\/v2\/types\/page"}],"author":[{"embeddable":true,"href":"https:\/\/restaurantegulliver.es\/fr\/wp-json\/wp\/v2\/users\/1"}],"replies":[{"embeddable":true,"href":"https:\/\/restaurantegulliver.es\/fr\/wp-json\/wp\/v2\/comments?post=3862"}],"version-history":[{"count":1,"href":"https:\/\/restaurantegulliver.es\/fr\/wp-json\/wp\/v2\/pages\/3862\/revisions"}],"predecessor-version":[{"id":3863,"href":"https:\/\/restaurantegulliver.es\/fr\/wp-json\/wp\/v2\/pages\/3862\/revisions\/3863"}],"wp:attachment":[{"href":"https:\/\/restaurantegulliver.es\/fr\/wp-json\/wp\/v2\/media?parent=3862"}],"curies":[{"name":"wp","href":"https:\/\/api.w.org\/{rel}","templated":true}]}}