{"id":3840,"date":"2020-07-16T06:25:14","date_gmt":"2020-07-16T06:25:14","guid":{"rendered":"https:\/\/restaurantegulliver.es\/contatta-il-ristorante-gulliver\/"},"modified":"2025-03-21T22:43:40","modified_gmt":"2025-03-21T22:43:40","slug":"contatta-il-ristorante-gulliver","status":"publish","type":"page","link":"https:\/\/restaurantegulliver.es\/it\/contatta-il-ristorante-gulliver\/","title":{"rendered":"Contatta il ristorante Gulliver"},"content":{"rendered":"\t\t<div data-elementor-type=\"wp-page\" data-elementor-id=\"3840\" class=\"elementor elementor-3840 elementor-3793\">\n\t\t\t\t<div class=\"elementor-element elementor-element-4f92c7e e-flex e-con-boxed e-con e-parent\" data-id=\"4f92c7e\" data-element_type=\"container\" data-e-type=\"container\" data-settings=\"{&quot;background_background&quot;:&quot;classic&quot;}\">\n\t\t\t\t\t<div class=\"e-con-inner\">\n\t\t<div class=\"elementor-element elementor-element-ae34100 e-con-full e-flex e-con e-child\" data-id=\"ae34100\" data-element_type=\"container\" data-e-type=\"container\">\n\t\t\t\t<div class=\"elementor-element elementor-element-95d1b6e elementor-widget elementor-widget-heading\" data-id=\"95d1b6e\" data-element_type=\"widget\" data-e-type=\"widget\" data-widget_type=\"heading.default\">\n\t\t\t\t<div class=\"elementor-widget-container\">\n\t\t\t\t\t<h1 class=\"elementor-heading-title elementor-size-default\">Contatto<\/h1>\t\t\t\t<\/div>\n\t\t\t\t<\/div>\n\t\t\t\t<div class=\"elementor-element elementor-element-692eacc elementor-widget-divider--view-line elementor-widget elementor-widget-divider\" data-id=\"692eacc\" data-element_type=\"widget\" data-e-type=\"widget\" data-widget_type=\"divider.default\">\n\t\t\t\t<div class=\"elementor-widget-container\">\n\t\t\t\t\t\t\t<div class=\"elementor-divider\">\n\t\t\t<span class=\"elementor-divider-separator\">\n\t\t\t\t\t\t<\/span>\n\t\t<\/div>\n\t\t\t\t\t\t<\/div>\n\t\t\t\t<\/div>\n\t\t\t\t<\/div>\n\t\t\t\t\t<\/div>\n\t\t\t\t<\/div>\n\t\t<div class=\"elementor-element elementor-element-2ec9455 e-flex e-con-boxed e-con e-parent\" data-id=\"2ec9455\" data-element_type=\"container\" data-e-type=\"container\">\n\t\t\t\t\t<div class=\"e-con-inner\">\n\t\t<div class=\"elementor-element elementor-element-57a2f8c e-con-full e-flex e-con e-child\" data-id=\"57a2f8c\" data-element_type=\"container\" data-e-type=\"container\">\n\t\t\t\t<div class=\"elementor-element elementor-element-aeaabba elementor-widget elementor-widget-heading\" data-id=\"aeaabba\" data-element_type=\"widget\" data-e-type=\"widget\" data-widget_type=\"heading.default\">\n\t\t\t\t<div class=\"elementor-widget-container\">\n\t\t\t\t\t<h6 class=\"elementor-heading-title elementor-size-default\">Trovaci!<\/h6>\t\t\t\t<\/div>\n\t\t\t\t<\/div>\n\t\t\t\t<div class=\"elementor-element elementor-element-8f8602e elementor-widget elementor-widget-heading\" data-id=\"8f8602e\" data-element_type=\"widget\" data-e-type=\"widget\" data-widget_type=\"heading.default\">\n\t\t\t\t<div class=\"elementor-widget-container\">\n\t\t\t\t\t<h2 class=\"elementor-heading-title elementor-size-default\">Avenida Men\u00e9ndez Pidal, 10 46009, Valencia<\/h2>\t\t\t\t<\/div>\n\t\t\t\t<\/div>\n\t\t\t\t<div class=\"elementor-element elementor-element-dc095d3 elementor-align-center elementor-widget elementor-widget-button\" data-id=\"dc095d3\" data-element_type=\"widget\" data-e-type=\"widget\" data-widget_type=\"button.default\">\n\t\t\t\t<div class=\"elementor-widget-container\">\n\t\t\t\t\t\t\t\t\t<div class=\"elementor-button-wrapper\">\n\t\t\t\t\t<a class=\"elementor-button elementor-button-link elementor-size-sm\" href=\"https:\/\/restaurantegulliver.es\/reservas\/\">\n\t\t\t\t\t\t<span class=\"elementor-button-content-wrapper\">\n\t\t\t\t\t\t\t\t\t<span class=\"elementor-button-text\">Prenota un tavolo<\/span>\n\t\t\t\t\t<\/span>\n\t\t\t\t\t<\/a>\n\t\t\t\t<\/div>\n\t\t\t\t\t\t\t\t<\/div>\n\t\t\t\t<\/div>\n\t\t\t\t<div class=\"elementor-element elementor-element-16e3860 elementor-widget elementor-widget-heading\" data-id=\"16e3860\" data-element_type=\"widget\" data-e-type=\"widget\" data-widget_type=\"heading.default\">\n\t\t\t\t<div class=\"elementor-widget-container\">\n\t\t\t\t\t<h6 class=\"elementor-heading-title elementor-size-default\">Chiamaci<\/h6>\t\t\t\t<\/div>\n\t\t\t\t<\/div>\n\t\t\t\t<div class=\"elementor-element elementor-element-5b42332 elementor-widget elementor-widget-heading\" data-id=\"5b42332\" data-element_type=\"widget\" data-e-type=\"widget\" data-widget_type=\"heading.default\">\n\t\t\t\t<div class=\"elementor-widget-container\">\n\t\t\t\t\t<div class=\"elementor-heading-title elementor-size-default\">+34 627 40 85 51<\/div>\t\t\t\t<\/div>\n\t\t\t\t<\/div>\n\t\t\t\t<div class=\"elementor-element elementor-element-4541e21 elementor-widget elementor-widget-heading\" data-id=\"4541e21\" data-element_type=\"widget\" data-e-type=\"widget\" data-widget_type=\"heading.default\">\n\t\t\t\t<div class=\"elementor-widget-container\">\n\t\t\t\t\t<h6 class=\"elementor-heading-title elementor-size-default\"><a href=\"#\">info.gulliver@grupogulliver.com  <\/a><\/h6>\t\t\t\t<\/div>\n\t\t\t\t<\/div>\n\t\t\t\t<\/div>\n\t\t\t\t\t<\/div>\n\t\t\t\t<\/div>\n\t\t<div class=\"elementor-element elementor-element-dfa393a e-con-full e-flex e-con e-parent\" data-id=\"dfa393a\" data-element_type=\"container\" data-e-type=\"container\">\n\t\t<div class=\"elementor-element elementor-element-37b95f7 e-con-full e-flex e-con e-child\" data-id=\"37b95f7\" data-element_type=\"container\" data-e-type=\"container\">\n\t\t\t\t<div class=\"elementor-element elementor-element-737db13 elementor-widget elementor-widget-google_maps\" data-id=\"737db13\" data-element_type=\"widget\" data-e-type=\"widget\" data-widget_type=\"google_maps.default\">\n\t\t\t\t<div class=\"elementor-widget-container\">\n\t\t\t\t\t\t\t<div class=\"elementor-custom-embed\">\n\t\t\t<iframe loading=\"lazy\"\n\t\t\t\t\tsrc=\"https:\/\/maps.google.com\/maps?q=Avenida%20Men%C3%A9ndez%20Pidal%2C%2010%2046009%2C%20Valencia&#038;t=m&#038;z=16&#038;output=embed&#038;iwloc=near\"\n\t\t\t\t\ttitle=\"Avenida Men\u00e9ndez Pidal, 10 46009, Valencia\"\n\t\t\t\t\taria-label=\"Avenida Men\u00e9ndez Pidal, 10 46009, Valencia\"\n\t\t\t><\/iframe>\n\t\t<\/div>\n\t\t\t\t\t\t<\/div>\n\t\t\t\t<\/div>\n\t\t\t\t<\/div>\n\t\t<div class=\"elementor-element elementor-element-4fc8421 e-con-full e-flex e-con e-child\" data-id=\"4fc8421\" data-element_type=\"container\" data-e-type=\"container\" data-settings=\"{&quot;background_background&quot;:&quot;classic&quot;}\">\n\t\t\t\t<div class=\"elementor-element elementor-element-7688f89 elementor-widget elementor-widget-heading\" data-id=\"7688f89\" data-element_type=\"widget\" data-e-type=\"widget\" data-widget_type=\"heading.default\">\n\t\t\t\t<div class=\"elementor-widget-container\">\n\t\t\t\t\t<h3 class=\"elementor-heading-title elementor-size-default\">Contattaci<\/h3>\t\t\t\t<\/div>\n\t\t\t\t<\/div>\n\t\t\t\t<div class=\"elementor-element elementor-element-221b19c elementor-widget elementor-widget-wp-widget-wpforms-widget\" data-id=\"221b19c\" data-element_type=\"widget\" data-e-type=\"widget\" data-widget_type=\"wp-widget-wpforms-widget.default\">\n\t\t\t\t<div class=\"elementor-widget-container\">\n\t\t\t\t\t<div class=\"wpforms-container \" id=\"wpforms-8\"><form id=\"wpforms-form-8\" class=\"wpforms-validate wpforms-form\" data-formid=\"8\" method=\"post\" enctype=\"multipart\/form-data\" action=\"\/it\/wp-json\/wp\/v2\/pages\/3840\" data-token=\"1bf1d31b6e4a0213bae71c8ae82349d8\" data-token-time=\"1777485993\"><noscript class=\"wpforms-error-noscript\">Abilita JavaScript nel browser per completare questo modulo.<\/noscript><div class=\"wpforms-field-container\"><div id=\"wpforms-8-field_0-container\" class=\"wpforms-field wpforms-field-name\" data-field-id=\"0\"><label class=\"wpforms-field-label wpforms-label-hide\" for=\"wpforms-8-field_0\">+ Nombre <span class=\"wpforms-required-label\">*<\/span><\/label><input type=\"text\" id=\"wpforms-8-field_0\" class=\"wpforms-field-large wpforms-field-required\" name=\"wpforms[fields][0]\" placeholder=\"Nombre completo*\" required><\/div><div id=\"wpforms-8-field_1-container\" class=\"wpforms-field wpforms-field-email\" data-field-id=\"1\"><label class=\"wpforms-field-label wpforms-label-hide\" for=\"wpforms-8-field_1\">+ Email <span class=\"wpforms-required-label\">*<\/span><\/label><input type=\"email\" id=\"wpforms-8-field_1\" class=\"wpforms-field-large wpforms-field-required\" name=\"wpforms[fields][1]\" placeholder=\"Email activo*\" spellcheck=\"false\" required><\/div><div id=\"wpforms-8-field_4-container\" class=\"wpforms-field wpforms-field-text\" data-field-id=\"4\"><label class=\"wpforms-field-label wpforms-label-hide\" for=\"wpforms-8-field_4\">Tel\u00e9fono <span class=\"wpforms-required-label\">*<\/span><\/label><input type=\"text\" id=\"wpforms-8-field_4\" class=\"wpforms-field-large wpforms-field-required\" name=\"wpforms[fields][4]\" placeholder=\"Escribe tu n\u00famero de tel\u00e9fono\" required><\/div><div id=\"wpforms-8-field_2-container\" class=\"wpforms-field wpforms-field-textarea\" data-field-id=\"2\"><label class=\"wpforms-field-label wpforms-label-hide\" for=\"wpforms-8-field_2\">Mensaje <span class=\"wpforms-required-label\">*<\/span><\/label><textarea id=\"wpforms-8-field_2\" class=\"wpforms-field-medium wpforms-field-required\" name=\"wpforms[fields][2]\" placeholder=\"Deja tu mensaje aqu\u00ed*\" required><\/textarea><\/div><\/div><!-- .wpforms-field-container --><div class=\"wpforms-field wpforms-field-hp\"><label for=\"wpforms-8-field-hp\" class=\"wpforms-field-label\">Website<\/label><input type=\"text\" name=\"wpforms[hp]\" id=\"wpforms-8-field-hp\" class=\"wpforms-field-medium\"><\/div><div class=\"wpforms-submit-container\" ><input type=\"hidden\" name=\"wpforms[id]\" value=\"8\"><input type=\"hidden\" name=\"page_title\" value=\"\"><input type=\"hidden\" name=\"page_url\" value=\"https:\/\/restaurantegulliver.es\/it\/wp-json\/wp\/v2\/pages\/3840\"><input type=\"hidden\" name=\"url_referer\" value=\"\"><button type=\"submit\" name=\"wpforms[submit]\" id=\"wpforms-submit-8\" class=\"wpforms-submit\" data-alt-text=\"Enviando...\" data-submit-text=\"Enviar mensaje\" aria-live=\"assertive\" value=\"wpforms-submit\">Enviar mensaje<\/button><\/div><\/form><\/div>  <!-- .wpforms-container -->\t\t\t\t<\/div>\n\t\t\t\t<\/div>\n\t\t\t\t<\/div>\n\t\t\t\t<\/div>\n\t\t\t\t<\/div>\n\t\t","protected":false},"excerpt":{"rendered":"<p>Contatto Trovaci! Avenida Men\u00e9ndez Pidal, 10 46009, Valencia Prenota un tavolo Chiamaci +34 627 40 85 51 info.gulliver@grupogulliver.com Contattaci<\/p>\n","protected":false},"author":1,"featured_media":0,"parent":0,"menu_order":0,"comment_status":"closed","ping_status":"closed","template":"","meta":{"om_disable_all_campaigns":false,"_monsterinsights_skip_tracking":false,"_monsterinsights_sitenote_active":false,"_monsterinsights_sitenote_note":"","_monsterinsights_sitenote_category":0,"_uf_show_specific_survey":0,"_uf_disable_surveys":false,"site-sidebar-layout":"no-sidebar","site-content-layout":"page-builder","ast-site-content-layout":"full-width-container","site-content-style":"unboxed","site-sidebar-style":"unboxed","ast-global-header-display":"","ast-banner-title-visibility":"","ast-main-header-display":"","ast-hfb-above-header-display":"","ast-hfb-below-header-display":"","ast-hfb-mobile-header-display":"","site-post-title":"disabled","ast-breadcrumbs-content":"","ast-featured-img":"disabled","footer-sml-layout":"","ast-disable-related-posts":"","theme-transparent-header-meta":"enabled","adv-header-id-meta":"","stick-header-meta":"","header-above-stick-meta":"","header-main-stick-meta":"","header-below-stick-meta":"","astra-migrate-meta-layouts":"default","ast-page-background-enabled":"default","ast-page-background-meta":{"desktop":{"background-color":"","background-image":"","background-repeat":"repeat","background-position":"center center","background-size":"auto","background-attachment":"scroll","background-type":"","background-media":"","overlay-type":"","overlay-color":"","overlay-opacity":"","overlay-gradient":""},"tablet":{"background-color":"","background-image":"","background-repeat":"repeat","background-position":"center center","background-size":"auto","background-attachment":"scroll","background-type":"","background-media":"","overlay-type":"","overlay-color":"","overlay-opacity":"","overlay-gradient":""},"mobile":{"background-color":"","background-image":"","background-repeat":"repeat","background-position":"center center","background-size":"auto","background-attachment":"scroll","background-type":"","background-media":"","overlay-type":"","overlay-color":"","overlay-opacity":"","overlay-gradient":""}},"ast-content-background-meta":{"desktop":{"background-color":"var(--ast-global-color-5)","background-image":"","background-repeat":"repeat","background-position":"center center","background-size":"auto","background-attachment":"scroll","background-type":"","background-media":"","overlay-type":"","overlay-color":"","overlay-opacity":"","overlay-gradient":""},"tablet":{"background-color":"var(--ast-global-color-5)","background-image":"","background-repeat":"repeat","background-position":"center center","background-size":"auto","background-attachment":"scroll","background-type":"","background-media":"","overlay-type":"","overlay-color":"","overlay-opacity":"","overlay-gradient":""},"mobile":{"background-color":"var(--ast-global-color-5)","background-image":"","background-repeat":"repeat","background-position":"center center","background-size":"auto","background-attachment":"scroll","background-type":"","background-media":"","overlay-type":"","overlay-color":"","overlay-opacity":"","overlay-gradient":""}},"footnotes":""},"class_list":["post-3840","page","type-page","status-publish","hentry"],"yoast_head":"<!-- This site is optimized with the Yoast SEO plugin v27.3 - https:\/\/yoast.com\/product\/yoast-seo-wordpress\/ -->\n<title>Contatta il ristorante Gulliver - Restaurante Gulliver<\/title>\n<meta name=\"description\" content=\"Contatta il Ristorante Gulliver, ti aiutiamo a prenotare il tuo tavolo e gustare la migliore cucina mediterranea e tradizionale.\" \/>\n<meta name=\"robots\" content=\"index, follow, max-snippet:-1, max-image-preview:large, max-video-preview:-1\" \/>\n<link rel=\"canonical\" href=\"https:\/\/restaurantegulliver.es\/it\/contatta-il-ristorante-gulliver\/\" \/>\n<meta property=\"og:locale\" content=\"it_IT\" \/>\n<meta property=\"og:type\" content=\"article\" \/>\n<meta property=\"og:title\" content=\"Contatta il ristorante Gulliver - Restaurante Gulliver\" \/>\n<meta property=\"og:description\" content=\"Contatta il Ristorante Gulliver, ti aiutiamo a prenotare il tuo tavolo e gustare la migliore cucina mediterranea e tradizionale.\" \/>\n<meta property=\"og:url\" content=\"https:\/\/restaurantegulliver.es\/it\/contatta-il-ristorante-gulliver\/\" \/>\n<meta property=\"og:site_name\" content=\"Restaurante Gulliver\" \/>\n<meta property=\"article:publisher\" content=\"https:\/\/www.facebook.com\/profile.php?id=61555328348911\" \/>\n<meta property=\"article:modified_time\" content=\"2025-03-21T22:43:40+00:00\" \/>\n<meta name=\"twitter:card\" content=\"summary_large_image\" \/>\n<script type=\"application\/ld+json\" class=\"yoast-schema-graph\">{\"@context\":\"https:\\\/\\\/schema.org\",\"@graph\":[{\"@type\":\"WebPage\",\"@id\":\"https:\\\/\\\/restaurantegulliver.es\\\/it\\\/contatta-il-ristorante-gulliver\\\/\",\"url\":\"https:\\\/\\\/restaurantegulliver.es\\\/it\\\/contatta-il-ristorante-gulliver\\\/\",\"name\":\"Contatta il ristorante Gulliver - Restaurante Gulliver\",\"isPartOf\":{\"@id\":\"https:\\\/\\\/restaurantegulliver.es\\\/it\\\/#website\"},\"datePublished\":\"2020-07-16T06:25:14+00:00\",\"dateModified\":\"2025-03-21T22:43:40+00:00\",\"description\":\"Contatta il Ristorante Gulliver, ti aiutiamo a prenotare il tuo tavolo e gustare la migliore cucina mediterranea e tradizionale.\",\"breadcrumb\":{\"@id\":\"https:\\\/\\\/restaurantegulliver.es\\\/it\\\/contatta-il-ristorante-gulliver\\\/#breadcrumb\"},\"inLanguage\":\"it-IT\",\"potentialAction\":[{\"@type\":\"ReadAction\",\"target\":[\"https:\\\/\\\/restaurantegulliver.es\\\/it\\\/contatta-il-ristorante-gulliver\\\/\"]}]},{\"@type\":\"BreadcrumbList\",\"@id\":\"https:\\\/\\\/restaurantegulliver.es\\\/it\\\/contatta-il-ristorante-gulliver\\\/#breadcrumb\",\"itemListElement\":[{\"@type\":\"ListItem\",\"position\":1,\"name\":\"Portada\",\"item\":\"https:\\\/\\\/restaurantegulliver.es\\\/it\\\/home\\\/\"},{\"@type\":\"ListItem\",\"position\":2,\"name\":\"Contatta il ristorante Gulliver\"}]},{\"@type\":\"WebSite\",\"@id\":\"https:\\\/\\\/restaurantegulliver.es\\\/it\\\/#website\",\"url\":\"https:\\\/\\\/restaurantegulliver.es\\\/it\\\/\",\"name\":\"Restaurante Gulliver\",\"description\":\"Cocina tradicional a orillas del Turia donde disfrutar de lo mejor de la gastronom\u00eda mediterr\u00e1nea en un lugar \u00fanico.\",\"publisher\":{\"@id\":\"https:\\\/\\\/restaurantegulliver.es\\\/it\\\/#organization\"},\"potentialAction\":[{\"@type\":\"SearchAction\",\"target\":{\"@type\":\"EntryPoint\",\"urlTemplate\":\"https:\\\/\\\/restaurantegulliver.es\\\/it\\\/?s={search_term_string}\"},\"query-input\":{\"@type\":\"PropertyValueSpecification\",\"valueRequired\":true,\"valueName\":\"search_term_string\"}}],\"inLanguage\":\"it-IT\"},{\"@type\":\"Organization\",\"@id\":\"https:\\\/\\\/restaurantegulliver.es\\\/it\\\/#organization\",\"name\":\"Restaurante Gulliver\",\"url\":\"https:\\\/\\\/restaurantegulliver.es\\\/it\\\/\",\"logo\":{\"@type\":\"ImageObject\",\"inLanguage\":\"it-IT\",\"@id\":\"https:\\\/\\\/restaurantegulliver.es\\\/it\\\/#\\\/schema\\\/logo\\\/image\\\/\",\"url\":\"https:\\\/\\\/restaurantegulliver.es\\\/wp-content\\\/uploads\\\/2025\\\/11\\\/cropped-cropped-logo-gulliver-adaptado-web-1.webp\",\"contentUrl\":\"https:\\\/\\\/restaurantegulliver.es\\\/wp-content\\\/uploads\\\/2025\\\/11\\\/cropped-cropped-logo-gulliver-adaptado-web-1.webp\",\"width\":1189,\"height\":184,\"caption\":\"Restaurante Gulliver\"},\"image\":{\"@id\":\"https:\\\/\\\/restaurantegulliver.es\\\/it\\\/#\\\/schema\\\/logo\\\/image\\\/\"},\"sameAs\":[\"https:\\\/\\\/www.facebook.com\\\/profile.php?id=61555328348911\",\"https:\\\/\\\/www.instagram.com\\\/restaurantegullivervalencia\\\/\"]}]}<\/script>\n<!-- \/ Yoast SEO plugin. -->","yoast_head_json":{"title":"Contatta il ristorante Gulliver - Restaurante Gulliver","description":"Contatta il Ristorante Gulliver, ti aiutiamo a prenotare il tuo tavolo e gustare la migliore cucina mediterranea e tradizionale.","robots":{"index":"index","follow":"follow","max-snippet":"max-snippet:-1","max-image-preview":"max-image-preview:large","max-video-preview":"max-video-preview:-1"},"canonical":"https:\/\/restaurantegulliver.es\/it\/contatta-il-ristorante-gulliver\/","og_locale":"it_IT","og_type":"article","og_title":"Contatta il ristorante Gulliver - Restaurante Gulliver","og_description":"Contatta il Ristorante Gulliver, ti aiutiamo a prenotare il tuo tavolo e gustare la migliore cucina mediterranea e tradizionale.","og_url":"https:\/\/restaurantegulliver.es\/it\/contatta-il-ristorante-gulliver\/","og_site_name":"Restaurante Gulliver","article_publisher":"https:\/\/www.facebook.com\/profile.php?id=61555328348911","article_modified_time":"2025-03-21T22:43:40+00:00","twitter_card":"summary_large_image","schema":{"@context":"https:\/\/schema.org","@graph":[{"@type":"WebPage","@id":"https:\/\/restaurantegulliver.es\/it\/contatta-il-ristorante-gulliver\/","url":"https:\/\/restaurantegulliver.es\/it\/contatta-il-ristorante-gulliver\/","name":"Contatta il ristorante Gulliver - Restaurante Gulliver","isPartOf":{"@id":"https:\/\/restaurantegulliver.es\/it\/#website"},"datePublished":"2020-07-16T06:25:14+00:00","dateModified":"2025-03-21T22:43:40+00:00","description":"Contatta il Ristorante Gulliver, ti aiutiamo a prenotare il tuo tavolo e gustare la migliore cucina mediterranea e tradizionale.","breadcrumb":{"@id":"https:\/\/restaurantegulliver.es\/it\/contatta-il-ristorante-gulliver\/#breadcrumb"},"inLanguage":"it-IT","potentialAction":[{"@type":"ReadAction","target":["https:\/\/restaurantegulliver.es\/it\/contatta-il-ristorante-gulliver\/"]}]},{"@type":"BreadcrumbList","@id":"https:\/\/restaurantegulliver.es\/it\/contatta-il-ristorante-gulliver\/#breadcrumb","itemListElement":[{"@type":"ListItem","position":1,"name":"Portada","item":"https:\/\/restaurantegulliver.es\/it\/home\/"},{"@type":"ListItem","position":2,"name":"Contatta il ristorante Gulliver"}]},{"@type":"WebSite","@id":"https:\/\/restaurantegulliver.es\/it\/#website","url":"https:\/\/restaurantegulliver.es\/it\/","name":"Restaurante Gulliver","description":"Cocina tradicional a orillas del Turia donde disfrutar de lo mejor de la gastronom\u00eda mediterr\u00e1nea en un lugar \u00fanico.","publisher":{"@id":"https:\/\/restaurantegulliver.es\/it\/#organization"},"potentialAction":[{"@type":"SearchAction","target":{"@type":"EntryPoint","urlTemplate":"https:\/\/restaurantegulliver.es\/it\/?s={search_term_string}"},"query-input":{"@type":"PropertyValueSpecification","valueRequired":true,"valueName":"search_term_string"}}],"inLanguage":"it-IT"},{"@type":"Organization","@id":"https:\/\/restaurantegulliver.es\/it\/#organization","name":"Restaurante Gulliver","url":"https:\/\/restaurantegulliver.es\/it\/","logo":{"@type":"ImageObject","inLanguage":"it-IT","@id":"https:\/\/restaurantegulliver.es\/it\/#\/schema\/logo\/image\/","url":"https:\/\/restaurantegulliver.es\/wp-content\/uploads\/2025\/11\/cropped-cropped-logo-gulliver-adaptado-web-1.webp","contentUrl":"https:\/\/restaurantegulliver.es\/wp-content\/uploads\/2025\/11\/cropped-cropped-logo-gulliver-adaptado-web-1.webp","width":1189,"height":184,"caption":"Restaurante Gulliver"},"image":{"@id":"https:\/\/restaurantegulliver.es\/it\/#\/schema\/logo\/image\/"},"sameAs":["https:\/\/www.facebook.com\/profile.php?id=61555328348911","https:\/\/www.instagram.com\/restaurantegullivervalencia\/"]}]}},"_links":{"self":[{"href":"https:\/\/restaurantegulliver.es\/it\/wp-json\/wp\/v2\/pages\/3840","targetHints":{"allow":["GET"]}}],"collection":[{"href":"https:\/\/restaurantegulliver.es\/it\/wp-json\/wp\/v2\/pages"}],"about":[{"href":"https:\/\/restaurantegulliver.es\/it\/wp-json\/wp\/v2\/types\/page"}],"author":[{"embeddable":true,"href":"https:\/\/restaurantegulliver.es\/it\/wp-json\/wp\/v2\/users\/1"}],"replies":[{"embeddable":true,"href":"https:\/\/restaurantegulliver.es\/it\/wp-json\/wp\/v2\/comments?post=3840"}],"version-history":[{"count":1,"href":"https:\/\/restaurantegulliver.es\/it\/wp-json\/wp\/v2\/pages\/3840\/revisions"}],"predecessor-version":[{"id":3841,"href":"https:\/\/restaurantegulliver.es\/it\/wp-json\/wp\/v2\/pages\/3840\/revisions\/3841"}],"wp:attachment":[{"href":"https:\/\/restaurantegulliver.es\/it\/wp-json\/wp\/v2\/media?parent=3840"}],"curies":[{"name":"wp","href":"https:\/\/api.w.org\/{rel}","templated":true}]}}